{"id":7119,"date":"2019-10-13T18:01:20","date_gmt":"2019-10-13T15:01:20","guid":{"rendered":"https:\/\/veebihai.ee\/meki.ee\/?post_type=product&#038;p=7119"},"modified":"2025-04-14T15:30:52","modified_gmt":"2025-04-14T12:30:52","slug":"kartulipuder-peekoni-ja-juustuga-100g","status":"publish","type":"product","link":"https:\/\/meki.ee\/en\/product\/kartulipuder-peekoni-ja-juustuga-100g\/","title":{"rendered":"Mashed potatoes with bacon and cheese 100g"},"content":{"rendered":"<p>Ingredients and Features:<\/p>\n<p>Meki k\u00fclmkuivatatud eined on tervislikud kodused toidud, mis vajavad valmistamiseks vaid vett. K\u00fclmkuivatamise tehnoloogia abil suudame me s\u00e4ilitada toidu toitainetev\u00e4\u00e4rtuse, l\u00f5hna ja maitse.<\/p>\n<p><strong>Ingredients:<\/strong>Kartul, toorsuitsupeekon 17%(sealiha 95%, vesi, sool, antioks\u00fcdant E301, s\u00e4ilitusaine E250, suitsutuspreparaat), porgand, PIIM, sibul, JUUST 9,6% ( Past\u00f6riseeritud PIIM juuretis (mesofiilsed ja termofiilsed kultuurid),mikrobioloogiline laap, sool, tardaine kaltsiumkloriid) VAHUKOOR 35%, rapsi\u00f5li, sool, petersell, must pipar.<\/p>\n<table>\n<thead>\n<tr>\n<td><strong>Average nutritional value<\/strong><\/td>\n<td><strong>100g<\/strong><\/td>\n<\/tr>\n<\/thead>\n<tbody>\n<tr>\n<td>Energy<\/td>\n<td>2351kJ\/562 kcal<\/td>\n<\/tr>\n<tr>\n<td>Fats<\/td>\n<td>37.62g<\/td>\n<\/tr>\n<tr>\n<td>including saturated fatty acids<\/td>\n<td>15g<\/td>\n<\/tr>\n<tr>\n<td>Carbohydrates<\/td>\n<td>35g<\/td>\n<\/tr>\n<tr>\n<td>including sugars<\/td>\n<td>6.91g<\/td>\n<\/tr>\n<tr>\n<td>Lightning<\/td>\n<td>20g<\/td>\n<\/tr>\n<tr>\n<td>Sool<\/td>\n<td>4g<\/td>\n<\/tr>\n<\/tbody>\n<\/table>","protected":false},"excerpt":{"rendered":"<p>Freeze-dried mashed potatoes with bacon and cheese<br \/>\nYou only need to add water to the food<br \/>\nConvenient camping food<\/p>\n<p>The price includes VAT<br \/>\n<strong>All MEKI products are in resealable packages.<\/strong><\/p>\n<p>&nbsp;<\/p>","protected":false},"featured_media":12777,"comment_status":"closed","ping_status":"closed","template":"","meta":[],"product_brand":[],"product_cat":[173,120,26],"product_tag":[],"class_list":{"0":"post-7119","1":"product","2":"type-product","3":"status-publish","4":"has-post-thumbnail","6":"product_cat-kiired-eined","7":"product_cat-loomaliha","8":"product_cat-valmistoidud","10":"first","11":"instock","12":"taxable","13":"shipping-taxable","14":"purchasable","15":"product-type-simple"},"_links":{"self":[{"href":"https:\/\/meki.ee\/en\/wp-json\/wp\/v2\/product\/7119","targetHints":{"allow":["GET"]}}],"collection":[{"href":"https:\/\/meki.ee\/en\/wp-json\/wp\/v2\/product"}],"about":[{"href":"https:\/\/meki.ee\/en\/wp-json\/wp\/v2\/types\/product"}],"replies":[{"embeddable":true,"href":"https:\/\/meki.ee\/en\/wp-json\/wp\/v2\/comments?post=7119"}],"wp:featuredmedia":[{"embeddable":true,"href":"https:\/\/meki.ee\/en\/wp-json\/wp\/v2\/media\/12777"}],"wp:attachment":[{"href":"https:\/\/meki.ee\/en\/wp-json\/wp\/v2\/media?parent=7119"}],"wp:term":[{"taxonomy":"product_brand","embeddable":true,"href":"https:\/\/meki.ee\/en\/wp-json\/wp\/v2\/product_brand?post=7119"},{"taxonomy":"product_cat","embeddable":true,"href":"https:\/\/meki.ee\/en\/wp-json\/wp\/v2\/product_cat?post=7119"},{"taxonomy":"product_tag","embeddable":true,"href":"https:\/\/meki.ee\/en\/wp-json\/wp\/v2\/product_tag?post=7119"}],"curies":[{"name":"wp","href":"https:\/\/api.w.org\/{rel}","templated":true}]}}