{"id":7117,"date":"2019-10-13T17:58:37","date_gmt":"2019-10-13T14:58:37","guid":{"rendered":"https:\/\/veebihai.ee\/meki.ee\/?post_type=product&#038;p=7117"},"modified":"2025-04-10T17:09:18","modified_gmt":"2025-04-10T14:09:18","slug":"seljanka-90g-valmistoit","status":"publish","type":"product","link":"https:\/\/meki.ee\/en\/product\/seljanka-90g-valmistoit\/","title":{"rendered":"Seljanka Soup 90g Ready meal"},"content":{"rendered":"<p>Ingredients and properties<\/p>\n<p>Meki k\u00fclmkuivatatud eined on tervislikud kodused toidud, mis vajavad valmistamiseks vaid vett. K\u00fclmkuivatamise tehnoloogia abil suudame me s\u00e4ilitada toidu toitainetev\u00e4\u00e4rtuse, l\u00f5hna ja maitse.<\/p>\n<p>Ingredients:<br \/>\nkartul, kanakoib, sibul, hapukurk, sealiha, tomatipasta, porgand, viinerid (sealiha 43%, joogivesi, veiseliha 16%, seapekk, seakamar, kartulit\u00e4rklis, sool, SOJAvalk, L\u00d5SSIpulber, suhkur, dekstroos, stabili: di-, tri-ja pol\u00fcfosfaat, v\u00fcrtside ekstraktid, maitseained, taimne kiud, isoaskorbiinhape, s\u00e4ilitusaine: naatriumnitrit), sea neerud, poolsuitsuvorst (kanalihamass, sealiha (8%), seapekk, vesi, kamar, kartulit\u00e4rklis, sool, SOJAVALK, gl\u00fckoos, v\u00fcrtsid, l\u00f5hnaja maitseained, k\u00fc\u00fcslauk, stabilisaator (difosfaat), antioks\u00fcdant (askorbiinhape (L-)), l\u00f5hna- ja maitsetugevdaja (naatriumvesinikglutamaat), hemoglobiin, s\u00e4litusaine (naatriumnitrit)), rapsi\u00f5li, suhkur, k\u00fc\u00fcslauk, sool, must pipar.<br \/>\nPreparation time: 8 min.<\/p>\n<table class=\"table table-responsive\" style=\"height: 206px;\" width=\"385\">\n<thead>\n<tr>\n<th>Average nutritional value<\/th>\n<th>100g<\/th>\n<\/tr>\n<\/thead>\n<tbody>\n<tr>\n<td>Energy<\/td>\n<td>2652 kJ\/634.24 kcal<\/td>\n<\/tr>\n<tr>\n<td>Fats<\/td>\n<td>34.9g<\/td>\n<\/tr>\n<tr>\n<td>including saturated fatty acids<\/td>\n<td>9.6g<\/td>\n<\/tr>\n<tr>\n<td>Carbohydrates<\/td>\n<td>30.14g<\/td>\n<\/tr>\n<tr>\n<td>including sugars<\/td>\n<td>17.43g<\/td>\n<\/tr>\n<tr>\n<td>Valgud<\/td>\n<td>35.17g<\/td>\n<\/tr>\n<tr>\n<td>Sool<\/td>\n<td>2.5g<\/td>\n<\/tr>\n<\/tbody>\n<\/table>\n<p>&nbsp;<\/p>\n<p>&nbsp;<\/p>","protected":false},"excerpt":{"rendered":"<p>Freeze-dried Seljanka<br \/>\nYou only need to add water to the food<br \/>\nConvenient camping food<\/p>\n<p>The price includes VAT<br \/>\n<strong>All MEKI products are in resealable packages.<\/strong><br \/>\n<strong>Packages must be sealed airtight after use.<\/strong><\/p>\n<p>Preparation time: 8 min.<\/p>","protected":false},"featured_media":13113,"comment_status":"closed","ping_status":"closed","template":"","meta":[],"product_brand":[],"product_cat":[173,120,118,26],"product_tag":[],"class_list":{"0":"post-7117","1":"product","2":"type-product","3":"status-publish","4":"has-post-thumbnail","6":"product_cat-kiired-eined","7":"product_cat-loomaliha","8":"product_cat-supid","9":"product_cat-valmistoidud","11":"first","12":"instock","13":"taxable","14":"shipping-taxable","15":"purchasable","16":"product-type-simple"},"_links":{"self":[{"href":"https:\/\/meki.ee\/en\/wp-json\/wp\/v2\/product\/7117","targetHints":{"allow":["GET"]}}],"collection":[{"href":"https:\/\/meki.ee\/en\/wp-json\/wp\/v2\/product"}],"about":[{"href":"https:\/\/meki.ee\/en\/wp-json\/wp\/v2\/types\/product"}],"replies":[{"embeddable":true,"href":"https:\/\/meki.ee\/en\/wp-json\/wp\/v2\/comments?post=7117"}],"wp:featuredmedia":[{"embeddable":true,"href":"https:\/\/meki.ee\/en\/wp-json\/wp\/v2\/media\/13113"}],"wp:attachment":[{"href":"https:\/\/meki.ee\/en\/wp-json\/wp\/v2\/media?parent=7117"}],"wp:term":[{"taxonomy":"product_brand","embeddable":true,"href":"https:\/\/meki.ee\/en\/wp-json\/wp\/v2\/product_brand?post=7117"},{"taxonomy":"product_cat","embeddable":true,"href":"https:\/\/meki.ee\/en\/wp-json\/wp\/v2\/product_cat?post=7117"},{"taxonomy":"product_tag","embeddable":true,"href":"https:\/\/meki.ee\/en\/wp-json\/wp\/v2\/product_tag?post=7117"}],"curies":[{"name":"wp","href":"https:\/\/api.w.org\/{rel}","templated":true}]}}