{"id":7111,"date":"2019-10-13T17:53:31","date_gmt":"2019-10-13T14:53:31","guid":{"rendered":"https:\/\/veebihai.ee\/meki.ee\/?post_type=product&#038;p=7111"},"modified":"2025-04-02T08:12:12","modified_gmt":"2025-04-02T05:12:12","slug":"hommikusook-munaga-100g-valmistoit","status":"publish","type":"product","link":"https:\/\/meki.ee\/en\/product\/hommikusook-munaga-100g-valmistoit\/","title":{"rendered":"Breakfast with Egg 100g Ready meal"},"content":{"rendered":"<p>Ingredients and properties<\/p>\n<p>Meki's freeze-dried meals are healthy home-cooked meals that require only water to prepare. With the help of freeze-drying technology, we are able to preserve the nutritional value, smell and taste of food, increasing the shelf life of food to 2 years. Our food uses only domestic raw materials and is preservative-free.<\/p>\n<p>Ingredients:<br \/>\nkartul, toorsuitsupeekon (sealiha 95%, vesi, sool, antioks\u00fcdant E301, s\u00e4ilitusaine E250,suitsutuspreparaat), seahakkliha, uba, MUNA, sibul, tomat JUUST ( Past\u00f6riseeritud PIIM juuretis (mesofiilsed ja termofiilsed kultuurid), rapsi\u00f5li, taimne k\u00f6\u00f6gikreem (l\u00e4\u00e4tsevalk (vesi, 2,5% l\u00e4\u00e4tsevalku), rapsi\u00f5li, kookosrasv, suhkur, modifitseeritud patat\u00e4rklis, emulgaator (pol\u00fcsorbaat 60), stabilisaator (trinaatriumtsitraat), looduslikud maitseained, sool, v\u00e4rvaine (beetakaroteen)), petersell, must pipar, sool<br \/>\nPreparation time: 8 min.<\/p>\n<table class=\"table table-responsive\">\n<thead>\n<tr>\n<th>Average nutritional value<\/th>\n<th>100g<\/th>\n<\/tr>\n<\/thead>\n<tbody>\n<tr>\n<td>Energy<\/td>\n<td>2775 kJ\/663.31 kcal<\/td>\n<\/tr>\n<tr>\n<td>Carbohydrates<\/td>\n<td>28.48g<\/td>\n<\/tr>\n<tr>\n<td>including sugars<\/td>\n<td>3.49g<\/td>\n<\/tr>\n<tr>\n<td>Lightning<\/td>\n<td>25.46g<\/td>\n<\/tr>\n<tr>\n<td>Fats<\/td>\n<td>45.69g<\/td>\n<\/tr>\n<tr>\n<td>including saturated fatty acids<\/td>\n<td>12.94g<\/td>\n<\/tr>\n<\/tbody>\n<\/table>\n<p>&nbsp;<\/p>","protected":false},"excerpt":{"rendered":"<p>Freeze-dried breakfast with an egg<br \/>\nYou only need to add water to the food<br \/>\nConvenient camping food<\/p>\n<p>The price includes VAT<br \/>\n<strong>All MEKI products are in resealable packages.<\/strong><br \/>\n<strong>Packages must be sealed airtight after use.<\/strong><\/p>","protected":false},"featured_media":12738,"comment_status":"closed","ping_status":"closed","template":"","meta":[],"product_brand":[],"product_cat":[173,121,26],"product_tag":[],"class_list":{"0":"post-7111","1":"product","2":"type-product","3":"status-publish","4":"has-post-thumbnail","6":"product_cat-kiired-eined","7":"product_cat-hommikusook","8":"product_cat-valmistoidud","10":"first","11":"instock","12":"taxable","13":"shipping-taxable","14":"purchasable","15":"product-type-simple"},"_links":{"self":[{"href":"https:\/\/meki.ee\/en\/wp-json\/wp\/v2\/product\/7111","targetHints":{"allow":["GET"]}}],"collection":[{"href":"https:\/\/meki.ee\/en\/wp-json\/wp\/v2\/product"}],"about":[{"href":"https:\/\/meki.ee\/en\/wp-json\/wp\/v2\/types\/product"}],"replies":[{"embeddable":true,"href":"https:\/\/meki.ee\/en\/wp-json\/wp\/v2\/comments?post=7111"}],"wp:featuredmedia":[{"embeddable":true,"href":"https:\/\/meki.ee\/en\/wp-json\/wp\/v2\/media\/12738"}],"wp:attachment":[{"href":"https:\/\/meki.ee\/en\/wp-json\/wp\/v2\/media?parent=7111"}],"wp:term":[{"taxonomy":"product_brand","embeddable":true,"href":"https:\/\/meki.ee\/en\/wp-json\/wp\/v2\/product_brand?post=7111"},{"taxonomy":"product_cat","embeddable":true,"href":"https:\/\/meki.ee\/en\/wp-json\/wp\/v2\/product_cat?post=7111"},{"taxonomy":"product_tag","embeddable":true,"href":"https:\/\/meki.ee\/en\/wp-json\/wp\/v2\/product_tag?post=7111"}],"curies":[{"name":"wp","href":"https:\/\/api.w.org\/{rel}","templated":true}]}}