{"id":7105,"date":"2019-10-13T17:48:02","date_gmt":"2019-10-13T14:48:02","guid":{"rendered":"https:\/\/veebihai.ee\/meki.ee\/?post_type=product&#038;p=7105"},"modified":"2025-12-04T11:56:41","modified_gmt":"2025-12-04T09:56:41","slug":"korvitsapureesupp-60g-valmistoit","status":"publish","type":"product","link":"https:\/\/meki.ee\/en\/product\/korvitsapureesupp-60g-valmistoit\/","title":{"rendered":"Pumpkin puree soup 60g Ready meal"},"content":{"rendered":"<p>Ingredients and properties<\/p>\n<p>Meki k\u00fclmkuivatatud eined on tervislikud kodused toidud, mis vajavad valmistamiseks vaid vett. K\u00fclmkuivatamise tehnoloogia abil suudame me s\u00e4ilitada toidu toitainetev\u00e4\u00e4rtuse, l\u00f5hna ja maitse.<\/p>\n<p>Ingredients:<br \/>\nK\u00f5rvits, : k\u00f5rvits, kartul, porgand,VAHUKOOR, SULATATUD JUUST, ingver, tsilli, sibul, k\u00fc\u00fcslauk, MUSKAATP\u00c4HKEL, karripulber, suhkur, must pipar, sool<br \/>\nPreparation time: 8 min.<\/p>\n<table class=\"table table-responsive\">\n<thead>\n<tr>\n<th>Average nutritional value<\/th>\n<th>100g<\/th>\n<\/tr>\n<\/thead>\n<tbody>\n<tr>\n<td>Energy<\/td>\n<td>2104kJ\/503kcal<\/td>\n<\/tr>\n<tr>\n<td>Fats<\/td>\n<td>30,7g<\/td>\n<\/tr>\n<tr>\n<td>including saturated fatty acids<\/td>\n<td>19,7g<\/td>\n<\/tr>\n<tr>\n<td>Carbohydrates<\/td>\n<td>40g<\/td>\n<\/tr>\n<tr>\n<td>Sealhulgas suhkrud<\/td>\n<td>28g<\/td>\n<\/tr>\n<tr>\n<td>Lightning<\/td>\n<td>26.8g<\/td>\n<\/tr>\n<tr>\n<td>Sool<\/td>\n<td>1.4g<\/td>\n<\/tr>\n<\/tbody>\n<\/table>\n<p>&nbsp;<\/p>","protected":false},"excerpt":{"rendered":"<p>Freeze-dried pumpkin puree soup<br \/>\nYou only need to add water to the food<br \/>\nConvenient camping food<\/p>\n<p>The price includes VAT<br \/>\n<strong>All MEKI products are in resealable packages.<\/strong><br \/>\n<strong>Packages must be sealed airtight after use.<\/strong><\/p>","protected":false},"featured_media":12846,"comment_status":"closed","ping_status":"closed","template":"","meta":[],"product_brand":[],"product_cat":[173,118,119,26],"product_tag":[],"class_list":{"0":"post-7105","1":"product","2":"type-product","3":"status-publish","4":"has-post-thumbnail","6":"product_cat-kiired-eined","7":"product_cat-supid","8":"product_cat-taimetoit","9":"product_cat-valmistoidud","11":"first","12":"instock","13":"taxable","14":"shipping-taxable","15":"purchasable","16":"product-type-simple"},"_links":{"self":[{"href":"https:\/\/meki.ee\/en\/wp-json\/wp\/v2\/product\/7105","targetHints":{"allow":["GET"]}}],"collection":[{"href":"https:\/\/meki.ee\/en\/wp-json\/wp\/v2\/product"}],"about":[{"href":"https:\/\/meki.ee\/en\/wp-json\/wp\/v2\/types\/product"}],"replies":[{"embeddable":true,"href":"https:\/\/meki.ee\/en\/wp-json\/wp\/v2\/comments?post=7105"}],"wp:featuredmedia":[{"embeddable":true,"href":"https:\/\/meki.ee\/en\/wp-json\/wp\/v2\/media\/12846"}],"wp:attachment":[{"href":"https:\/\/meki.ee\/en\/wp-json\/wp\/v2\/media?parent=7105"}],"wp:term":[{"taxonomy":"product_brand","embeddable":true,"href":"https:\/\/meki.ee\/en\/wp-json\/wp\/v2\/product_brand?post=7105"},{"taxonomy":"product_cat","embeddable":true,"href":"https:\/\/meki.ee\/en\/wp-json\/wp\/v2\/product_cat?post=7105"},{"taxonomy":"product_tag","embeddable":true,"href":"https:\/\/meki.ee\/en\/wp-json\/wp\/v2\/product_tag?post=7105"}],"curies":[{"name":"wp","href":"https:\/\/api.w.org\/{rel}","templated":true}]}}