{"id":7097,"date":"2019-10-13T17:41:17","date_gmt":"2019-10-13T14:41:17","guid":{"rendered":"https:\/\/veebihai.ee\/meki.ee\/?post_type=product&#038;p=7097"},"modified":"2025-04-15T07:44:30","modified_gmt":"2025-04-15T04:44:30","slug":"kanawok-aedviljaga-100g-valmistoit","status":"publish","type":"product","link":"https:\/\/meki.ee\/en\/product\/kanawok-aedviljaga-100g-valmistoit\/","title":{"rendered":"Kanawok with vegetables 100g Prepared food"},"content":{"rendered":"<p>Ingredients and properties<\/p>\n<p>Meki k\u00fclmkuivatatud eined on tervislikud kodused toidud, mis vajavad valmistamiseks vaid vett.<\/p>\n<p>Ingredients:<br \/>\n<span data-sheets-root=\"1\">Broileri kintsuliha 21%, MUNAnuudlid(K\u00f5va NISU manna, v\u00e4rske MUNA 10%), kapsas, porgand, paprika, sibul, ingver, k\u00fc\u00fcslauk, rapsi\u00f5li, SOJAkaste (SOJAoad, NISUjahu, sool, suhkur, s\u00e4iltusaine: kaaliumsorbaat (E202)), magus t\u0161illikaste(Vesi, suhkur, chilipipar 5 %, k\u0171\u0171slauk, paprika, \u00e4\u00e4dikas, sool, maisit\u00e4rklis, stabilisaator (E415), happesuse regulaatorid (E330), s\u00e4ilitusained (E202)), ingver, k\u00fc\u00fcslauk, SEESAMISEEMNED, v\u00fcrtsk\u00f6\u00f6mned, must pipar<\/span><br \/>\nPreparation time: 8 min.<\/p>\n<table>\n<thead>\n<tr>\n<td><strong>Average nutritional value<\/strong><\/td>\n<td><strong>100g<\/strong><\/td>\n<\/tr>\n<\/thead>\n<tbody>\n<tr>\n<td>Energy<\/td>\n<td>1994 kJ\/476.67 kcal<\/td>\n<\/tr>\n<tr>\n<td>Fats<\/td>\n<td>15.27g<\/td>\n<\/tr>\n<tr>\n<td>including saturated fatty acids<\/td>\n<td>1.81g<\/td>\n<\/tr>\n<tr>\n<td>Carbohydrates<\/td>\n<td>60.94g<\/td>\n<\/tr>\n<tr>\n<td>including sugars<\/td>\n<td>10.96g<\/td>\n<\/tr>\n<tr>\n<td>Lightning<\/td>\n<td>22.31g<\/td>\n<\/tr>\n<tr>\n<td>Sool<\/td>\n<td>1,8g<\/td>\n<\/tr>\n<\/tbody>\n<\/table>","protected":false},"excerpt":{"rendered":"<p>Freeze-dried kanawok with vegetables<br \/>\nYou only need to add water to the food<br \/>\nConvenient camping food<\/p>\n<p>The price includes VAT<br \/>\n<strong>All MEKI products are in resealable packages.<\/strong><br \/>\n<strong>Packages must be sealed airtight after use.<\/strong><\/p>","protected":false},"featured_media":12774,"comment_status":"closed","ping_status":"closed","template":"","meta":[],"product_brand":[],"product_cat":[173,25,26],"product_tag":[],"class_list":{"0":"post-7097","1":"product","2":"type-product","3":"status-publish","4":"has-post-thumbnail","6":"product_cat-kiired-eined","7":"product_cat-linnuliha","8":"product_cat-valmistoidud","10":"first","11":"instock","12":"taxable","13":"shipping-taxable","14":"purchasable","15":"product-type-simple"},"_links":{"self":[{"href":"https:\/\/meki.ee\/en\/wp-json\/wp\/v2\/product\/7097","targetHints":{"allow":["GET"]}}],"collection":[{"href":"https:\/\/meki.ee\/en\/wp-json\/wp\/v2\/product"}],"about":[{"href":"https:\/\/meki.ee\/en\/wp-json\/wp\/v2\/types\/product"}],"replies":[{"embeddable":true,"href":"https:\/\/meki.ee\/en\/wp-json\/wp\/v2\/comments?post=7097"}],"wp:featuredmedia":[{"embeddable":true,"href":"https:\/\/meki.ee\/en\/wp-json\/wp\/v2\/media\/12774"}],"wp:attachment":[{"href":"https:\/\/meki.ee\/en\/wp-json\/wp\/v2\/media?parent=7097"}],"wp:term":[{"taxonomy":"product_brand","embeddable":true,"href":"https:\/\/meki.ee\/en\/wp-json\/wp\/v2\/product_brand?post=7097"},{"taxonomy":"product_cat","embeddable":true,"href":"https:\/\/meki.ee\/en\/wp-json\/wp\/v2\/product_cat?post=7097"},{"taxonomy":"product_tag","embeddable":true,"href":"https:\/\/meki.ee\/en\/wp-json\/wp\/v2\/product_tag?post=7097"}],"curies":[{"name":"wp","href":"https:\/\/api.w.org\/{rel}","templated":true}]}}