{"id":7083,"date":"2019-10-13T17:24:49","date_gmt":"2019-10-13T14:24:49","guid":{"rendered":"https:\/\/veebihai.ee\/meki.ee\/?post_type=product&#038;p=7083"},"modified":"2025-04-16T14:06:19","modified_gmt":"2025-04-16T11:06:19","slug":"tatar-kalkuniga-110g-valmistoit","status":"publish","type":"product","link":"https:\/\/meki.ee\/en\/product\/tatar-kalkuniga-110g-valmistoit\/","title":{"rendered":"Buckwheat with Turkey 110g Ready meal"},"content":{"rendered":"<p>Ingredients and properties<\/p>\n<p>Meki k\u00fclmkuivatatud eined on tervislikud kodused toidud, mis vajavad valmistamiseks vaid vett. K\u00fclmkuivatamise tehnoloogia abil suudame me s\u00e4ilitada toidu toitainetev\u00e4\u00e4rtuse, l\u00f5hna ja maitse. Meie toidus on kasutatud vaid koduseid toorained ning see on s\u00e4ilitusainevaba.<\/p>\n<p>Ingredients:<br \/>\ntatar 33%, kalkuni kintsuliha 19%, R\u00d5\u00d5SK KOOR 20%, porgand, sibul, mais, rapsi\u00f5li, k\u00fc\u00fcslauk, sool, maitsetaimede segu<br \/>\nPreparation time: 8 min.<\/p>\n<table>\n<thead>\n<tr>\n<td><strong>Average nutritional value<\/strong><\/td>\n<td><strong>100g<\/strong><\/td>\n<\/tr>\n<\/thead>\n<tbody>\n<tr>\n<td>Energy<\/td>\n<td>2217kJ\/530kcal<\/td>\n<\/tr>\n<tr>\n<td>Fats<\/td>\n<td>24.10g<\/td>\n<\/tr>\n<tr>\n<td>including saturated fatty acids<\/td>\n<td>6.4g<\/td>\n<\/tr>\n<tr>\n<td>Carbohydrates<\/td>\n<td>55.4g<\/td>\n<\/tr>\n<tr>\n<td>including sugars<\/td>\n<td>2.8g<\/td>\n<\/tr>\n<tr>\n<td>Lightning<\/td>\n<td>20.9g<\/td>\n<\/tr>\n<tr>\n<td>Sool<\/td>\n<td>1,8g<\/td>\n<\/tr>\n<\/tbody>\n<\/table>\n<p>&nbsp;<\/p>\n<p>&nbsp;<\/p>","protected":false},"excerpt":{"rendered":"<p>Freeze-dried buckwheat with turkey<br \/>\nYou only need to add water to the food<br \/>\nConvenient camping food<\/p>\n<p>The price includes VAT<br \/>\n<strong>All MEKI products are in resealable packages.<\/strong><br \/>\n<strong>Packages must be sealed airtight after use.<\/strong><\/p>","protected":false},"featured_media":13134,"comment_status":"closed","ping_status":"closed","template":"","meta":[],"product_brand":[],"product_cat":[173,25,26],"product_tag":[],"class_list":{"0":"post-7083","1":"product","2":"type-product","3":"status-publish","4":"has-post-thumbnail","6":"product_cat-kiired-eined","7":"product_cat-linnuliha","8":"product_cat-valmistoidud","10":"first","11":"instock","12":"taxable","13":"shipping-taxable","14":"purchasable","15":"product-type-simple"},"_links":{"self":[{"href":"https:\/\/meki.ee\/en\/wp-json\/wp\/v2\/product\/7083","targetHints":{"allow":["GET"]}}],"collection":[{"href":"https:\/\/meki.ee\/en\/wp-json\/wp\/v2\/product"}],"about":[{"href":"https:\/\/meki.ee\/en\/wp-json\/wp\/v2\/types\/product"}],"replies":[{"embeddable":true,"href":"https:\/\/meki.ee\/en\/wp-json\/wp\/v2\/comments?post=7083"}],"wp:featuredmedia":[{"embeddable":true,"href":"https:\/\/meki.ee\/en\/wp-json\/wp\/v2\/media\/13134"}],"wp:attachment":[{"href":"https:\/\/meki.ee\/en\/wp-json\/wp\/v2\/media?parent=7083"}],"wp:term":[{"taxonomy":"product_brand","embeddable":true,"href":"https:\/\/meki.ee\/en\/wp-json\/wp\/v2\/product_brand?post=7083"},{"taxonomy":"product_cat","embeddable":true,"href":"https:\/\/meki.ee\/en\/wp-json\/wp\/v2\/product_cat?post=7083"},{"taxonomy":"product_tag","embeddable":true,"href":"https:\/\/meki.ee\/en\/wp-json\/wp\/v2\/product_tag?post=7083"}],"curies":[{"name":"wp","href":"https:\/\/api.w.org\/{rel}","templated":true}]}}