{"id":16831,"date":"2025-03-31T12:28:35","date_gmt":"2025-03-31T09:28:35","guid":{"rendered":"https:\/\/meki.ee\/?post_type=product&#038;p=16831"},"modified":"2025-04-28T10:40:19","modified_gmt":"2025-04-28T07:40:19","slug":"mandariinipulber-100g","status":"publish","type":"product","link":"https:\/\/meki.ee\/en\/product\/mandariinipulber-100g\/","title":{"rendered":"Mandariinipulber 100g"},"content":{"rendered":"<p>What does the product contain?<\/p>\n<p>Meki k\u00fclmkuivatatud mandariinipulber koosneb 100% mandariini viljalihast.<\/p>\n<p>How to use it?<\/p>\n<p>Meki mandariinipulber on jahvatatud peeneks jahuks, t\u00e4nu millele on seda mugav toitudesse lisada.<br \/>\nMandariini t\u00f6\u00f6tlemisel on kasutatud k\u00fclmkuivatamist, mis t\u00e4hendab, et k\u00f5ik v\u00e4rskete puuviljade v\u00e4\u00e4rtuslikud toitained on j\u00e4\u00e4nud alles. T\u00e4nu sellele on Meki puuviljapulbrid hea viis anda oma smuutidele ja k\u00fcpsetistele kaunis v\u00e4rv, m\u00f5nus puuviljamaitse ning tohutult kasulikke toitaineid.<\/p>\n<table class=\"table table-responsive\">\n<thead>\n<tr>\n<th>Average nutritional value<\/th>\n<th>100g<\/th>\n<\/tr>\n<\/thead>\n<tbody>\n<tr>\n<td>Energy<\/td>\n<td>585kJ\/140 kcal<\/td>\n<\/tr>\n<tr>\n<td>Carbohydrates<\/td>\n<td>34g<\/td>\n<\/tr>\n<tr>\n<td>including sugars<\/td>\n<td>30g<\/td>\n<\/tr>\n<tr>\n<td>Lightning<\/td>\n<td>5.9g<\/td>\n<\/tr>\n<tr>\n<td>Fats<\/td>\n<td>0g<\/td>\n<\/tr>\n<tr>\n<td>including saturated fatty acids<\/td>\n<td>0g<\/td>\n<\/tr>\n<\/tbody>\n<\/table>\n<div class=\"show-more-less\"><\/div>","protected":false},"excerpt":{"rendered":"<p>100 grammi k\u00fclmkuivatatud mandariini tehti 511 grammist v\u00e4rskest mandariinist<br \/>\nNo added sugars or sweeteners<br \/>\nThe nutritional value of the fruit has not been lost during freeze drying<\/p>\n<p>The price includes VAT<br \/>\n<strong>All MEKI products are in resealable packages.<br \/>\nPackages must be sealed airtight after use. <\/strong><\/p>","protected":false},"featured_media":16888,"comment_status":"closed","ping_status":"closed","template":"","meta":[],"product_brand":[],"product_cat":[44],"product_tag":[],"class_list":{"0":"post-16831","1":"product","2":"type-product","3":"status-publish","4":"has-post-thumbnail","6":"product_cat-marjapulbrid","8":"first","9":"instock","10":"taxable","11":"shipping-taxable","12":"purchasable","13":"product-type-simple"},"_links":{"self":[{"href":"https:\/\/meki.ee\/en\/wp-json\/wp\/v2\/product\/16831","targetHints":{"allow":["GET"]}}],"collection":[{"href":"https:\/\/meki.ee\/en\/wp-json\/wp\/v2\/product"}],"about":[{"href":"https:\/\/meki.ee\/en\/wp-json\/wp\/v2\/types\/product"}],"replies":[{"embeddable":true,"href":"https:\/\/meki.ee\/en\/wp-json\/wp\/v2\/comments?post=16831"}],"wp:featuredmedia":[{"embeddable":true,"href":"https:\/\/meki.ee\/en\/wp-json\/wp\/v2\/media\/16888"}],"wp:attachment":[{"href":"https:\/\/meki.ee\/en\/wp-json\/wp\/v2\/media?parent=16831"}],"wp:term":[{"taxonomy":"product_brand","embeddable":true,"href":"https:\/\/meki.ee\/en\/wp-json\/wp\/v2\/product_brand?post=16831"},{"taxonomy":"product_cat","embeddable":true,"href":"https:\/\/meki.ee\/en\/wp-json\/wp\/v2\/product_cat?post=16831"},{"taxonomy":"product_tag","embeddable":true,"href":"https:\/\/meki.ee\/en\/wp-json\/wp\/v2\/product_tag?post=16831"}],"curies":[{"name":"wp","href":"https:\/\/api.w.org\/{rel}","templated":true}]}}