{"id":16319,"date":"2024-06-14T10:54:55","date_gmt":"2024-06-14T07:54:55","guid":{"rendered":"https:\/\/meki.ee\/?post_type=product&#038;p=16319"},"modified":"2025-08-28T13:36:18","modified_gmt":"2025-08-28T10:36:18","slug":"tatar-broilerilihaga-110g","status":"publish","type":"product","link":"https:\/\/meki.ee\/en\/product\/tatar-broilerilihaga-110g\/","title":{"rendered":"Buckwheat with broiler meat 110g"},"content":{"rendered":"<p>Ingredients and properties<\/p>\n<p>Meki k\u00fclmkuivatatud eined on tervislikud kodused toidud, mis vajavad valmistamiseks vaid vett. K\u00fclmkuivatamise tehnoloogia abil suudame me s\u00e4ilitada toidu toitainetev\u00e4\u00e4rtuse, l\u00f5hna ja maitse.<\/p>\n<p>Ingredients:<br \/>\ntatar 34%, KOOR (toiduKOOR 20%), broileri liha 16%, porgand,<br \/>\nsibul, mais, rapsi\u00f5li, k\u00fc\u00fcslauk, sool, maitseainete segu<\/p>\n<p>Preparation time: 8 min.<\/p>\n<p>&nbsp;<\/p>\n<p>&nbsp;<\/p>\n<p>&nbsp;<\/p>\n<table class=\"table table-responsive\">\n<thead>\n<tr>\n<th>Average nutritional value<\/th>\n<th>100g<\/th>\n<\/tr>\n<\/thead>\n<tbody>\n<tr>\n<td>Energy<\/td>\n<td>2188kJ\/523kcal<\/td>\n<\/tr>\n<tr>\n<td>Fats<\/td>\n<td>24g<\/td>\n<\/tr>\n<tr>\n<td>including saturated fatty acids<\/td>\n<td>6,28g<\/td>\n<\/tr>\n<tr>\n<td>Carbohydrates<\/td>\n<td>55g<\/td>\n<\/tr>\n<tr>\n<td>Sealhulgas suhkrud<\/td>\n<td>2,81g<\/td>\n<\/tr>\n<tr>\n<td>Lightning<\/td>\n<td>21g<\/td>\n<\/tr>\n<tr>\n<td>Sool<\/td>\n<td>12g<\/td>\n<\/tr>\n<\/tbody>\n<\/table>\n<p>&nbsp;<\/p>","protected":false},"excerpt":{"rendered":"<p>Freeze-dried buckwheat with broiler meat<br \/>\nYou only need to add water to the food<br \/>\nConvenient camping food<\/p>\n<p>The price includes VAT<br \/>\n<strong>All MEKI products are in resealable packages.<\/strong><br \/>\n<strong>Packages must be sealed airtight after use.<\/strong><\/p>","protected":false},"featured_media":16320,"comment_status":"closed","ping_status":"closed","template":"","meta":[],"product_brand":[],"product_cat":[173,25,26],"product_tag":[],"class_list":{"0":"post-16319","1":"product","2":"type-product","3":"status-publish","4":"has-post-thumbnail","6":"product_cat-kiired-eined","7":"product_cat-linnuliha","8":"product_cat-valmistoidud","10":"first","11":"instock","12":"taxable","13":"shipping-taxable","14":"purchasable","15":"product-type-simple"},"_links":{"self":[{"href":"https:\/\/meki.ee\/en\/wp-json\/wp\/v2\/product\/16319","targetHints":{"allow":["GET"]}}],"collection":[{"href":"https:\/\/meki.ee\/en\/wp-json\/wp\/v2\/product"}],"about":[{"href":"https:\/\/meki.ee\/en\/wp-json\/wp\/v2\/types\/product"}],"replies":[{"embeddable":true,"href":"https:\/\/meki.ee\/en\/wp-json\/wp\/v2\/comments?post=16319"}],"wp:featuredmedia":[{"embeddable":true,"href":"https:\/\/meki.ee\/en\/wp-json\/wp\/v2\/media\/16320"}],"wp:attachment":[{"href":"https:\/\/meki.ee\/en\/wp-json\/wp\/v2\/media?parent=16319"}],"wp:term":[{"taxonomy":"product_brand","embeddable":true,"href":"https:\/\/meki.ee\/en\/wp-json\/wp\/v2\/product_brand?post=16319"},{"taxonomy":"product_cat","embeddable":true,"href":"https:\/\/meki.ee\/en\/wp-json\/wp\/v2\/product_cat?post=16319"},{"taxonomy":"product_tag","embeddable":true,"href":"https:\/\/meki.ee\/en\/wp-json\/wp\/v2\/product_tag?post=16319"}],"curies":[{"name":"wp","href":"https:\/\/api.w.org\/{rel}","templated":true}]}}