{"id":14809,"date":"2022-06-03T09:07:11","date_gmt":"2022-06-03T06:07:11","guid":{"rendered":"https:\/\/meki.ee\/?post_type=product&#038;p=14809"},"modified":"2025-04-16T16:01:03","modified_gmt":"2025-04-16T13:01:03","slug":"meki-kulmkuivatatud-matka-ja-7-paeva-kriisitoidukomplekt-lihaga-217kg","status":"publish","type":"product","link":"https:\/\/meki.ee\/en\/product\/meki-kulmkuivatatud-matka-ja-7-paeva-kriisitoidukomplekt-lihaga-217kg\/","title":{"rendered":"Meki freeze-dried Camping and 7-day emergency food set (with meat) 2.17 kg Food package"},"content":{"rendered":"<p>Ingredients and properties<\/p>\n<p>Meki k\u00fclmkuivatatud eined on tervislikud kodused toidud, mis vajavad valmistamiseks vaid vett. K\u00fclmkuivatamise tehnoloogia abil suudame me s\u00e4ilitada toidu toitainetev\u00e4\u00e4rtuse, l\u00f5hna ja maitset.<\/p>\n<p>&nbsp;<\/p>\n<p>The set includes 21 servings<\/p>\n<ul>\n<li>Oatmeal porridge with apples 110g*3pcs<\/li>\n<li>Buckwheat with turkey 110g*2pcs<\/li>\n<li>Breakfast with egg 100g*2pcs<\/li>\n<li>Pasta Bolognese 110g*3pcs<\/li>\n<li>Mashed potatoes with bacon and cheese 100g*2pcs<\/li>\n<li>Kanawok with vegetables 100g*2pcs<\/li>\n<li>Backpack 90g*2pcs<\/li>\n<li>Pilaff with pork 110g*3pcs<\/li>\n<li>Beef stew 90g*2pcs<\/li>\n<li>Accessories: matches 1 set, lighters 2 sets*10 pcs, stainless mug 350ml, portable heater<\/li>\n<\/ul>\n<p><strong>Kaerahelbepuder \u00f5untega 110g*3tk<\/strong><\/p>\n<p>Koostisosad: PIIM, KAER, suhkur, V\u00d5I (v\u00e4rske PIIM, R\u00d5\u00d5SK KOOR), sool, \u00f5un, kaneel<\/p>\n<p>Toitev\u00e4\u00e4rtus: 100g: Energia 1891 kJ\/ 452 kcal \u2022 Rasvad 13 g; millest k\u00fcllastunud rasvhapped 6,78 g \u2022 S\u00fcsivesikud 81 g; millest suhkruid 52 g \u2022 Valgud 18 g \u2022 Sool 2,28 g<\/p>\n<p><strong>Tatar kalkuniga 110g*2tk<\/strong><\/p>\n<p>Koostisosad: tatar 33%, kalkuni kintsuliha 19%, R\u00d5\u00d5SK KOOR 20%, porgand, sibul, mais, rapsi\u00f5li, k\u00fc\u00fcslauk, sool, maitsetaimede segu<\/p>\n<p>Toitev\u00e4\u00e4rtus: 100g: Energia 2217 kJ\/ 530 kcal \u2022 Rasvad 24,1 g; millest k\u00fcllastunud rasvhapped 6,4 g \u2022 S\u00fcsivesikud 55,4 g ; millest suhkruid 2,8 g \u2022 Valgud 20,9 g \u2022 Sool 1,8 g<\/p>\n<p><strong>Hommikus\u00f6\u00f6k munaga 100g*2tk<\/strong><\/p>\n<p>Koostisosad: kartul, toorsuitsupeekon 13% (sealiha 95%, vesi, sool, antioks\u00fcdant E301, s\u00e4ilitusaine E250,suitsutuspreparaat), uba, paprika, sealiha, MUNA, sibul, , taimne k\u00f6\u00f6gikreem (l\u00e4\u00e4tsevalk (vesi, 2,5% l\u00e4\u00e4tsevalku), rapsi\u00f5li, kookosrasv, suhkur, modifitseeritud patat\u00e4rklis, emulgaator (pol\u00fcsorbaat 60), stabilisaator (trinaatriumtsitraat), looduslikud maitseained, sool, v\u00e4rvaine (beetakaroteen)), rapsi\u00f5li, JUUST ( Past\u00f6riseeritud PIIM juuretis (mesofiilsed ja termofiilsed kultuurid), tomat, petersell, sool, must pipar<\/p>\n<p>Toitev\u00e4\u00e4rtus: 100g: Energia 2581,7 kJ\/ 617,0 kcal \u2022 Rasvad 42,5 g; millest k\u00fcllastunud rasvhapped 12,0 g \u2022 S\u00fcsivesikud 67,4 g ; millest suhkruid 3,24 g \u2022 Valgud 23,7 g \u2022 Sool 3,4 g<\/p>\n<p><strong>Pasta Bolognese 110g*3tk<\/strong><\/p>\n<p>Koostisosad: SPAGETID (durum NISUjahu), veiseliha, purustatud tomat, sibul, porgand, tomatipasta, sulatatud JUUST (JUUST (PIIM, juuretis, tardaine kaltsiumkloriid (E509), sool), vesi, R\u00d5\u00d5SK KOOR, l\u00f5ssipulber, v\u00f5i), emulgeerivad soolad (E339, E450, E452), rapsi\u00f5li, k\u00fc\u00fcslauk, SOJAkaste, (SOJAoad, NISUjahu, sool, suhkur, s\u00e4iltusaine: kaaliumsorbaat (E202)), magus t\u0161illikaste(Vesi, suhkur, chilipipar 5 %, k\u0171\u0171slauk, paprika, \u00e4\u00e4dikas, sool, maisit\u00e4rklis, stabilisaator (E415), happesuse regulaatorid (E330), s\u00e4ilitusained (E202)), sweet chilli sauce(water, sugar, chili pepper 5%, garlic, paprika, vinegar, salt, corn starch, stabilizer (E415), acidity regulators (E330), preservatives (E202), corn starch), ingver, k\u00fc\u00fcslauk, SEESAMISEEMNED, maitsetaimede segu<\/p>\n<p><strong>\u00a0\u00a0 <\/strong>Toitev\u00e4\u00e4rtus: 100g: Energia 2317 kJ\/ 554 kcal\u2022 Rasvad 11,6 g; millest k\u00fcllastunud 4,90 g \u2022 S\u00fcsivesikud \/ Carbohydrates 85 g ; millest suhkruid 11 g \u2022 Valgud 21,5 g \u2022 Sool 1,0 g<\/p>\n<p><strong>Kartulip\u00fcree peekoni ja juustuga 100g*2tk<\/strong><\/p>\n<p><strong>\u00a0<\/strong>Koostisosad: Kartul, toorsuitsupeekon 17%(sealiha 95%, vesi, sool, antioks\u00fcdant E301, s\u00e4ilitusaine E250, suitsutuspreparaat), porgand, PIIM, sibul, JUUST 9,6% ( Past\u00f6riseeritud PIIM juuretis (mesofiilsed ja termofiilsed kultuurid),mikrobioloogiline laap, sool, tardaine kaltsiumkloriid) VAHUKOOR 35%, rapsi\u00f5li, sool, petersell, must pipar.<\/p>\n<p>Toitev\u00e4\u00e4rtus: 100g: Energia 2351 kJ\/ 562 kcal \u2022 Rasvad 37 g; millest k\u00fcllastunud rasvhapped 15 g \u2022 S\u00fcsivesikud 35 g; millest suhkruid 6,9 g \u2022 Valgud 20 g \u2022 Sool 4,0 g<\/p>\n<p><strong>Kanawok aedviljadega 100g*2tk<\/strong><\/p>\n<p>Koostisosad: Broileri kintsuliha 21%, MUNAnuudlid(K\u00f5va NISU manna, v\u00e4rske MUNA 10%), kapsas, porgand, paprika, sibul, ingver, k\u00fc\u00fcslauk, rapsi\u00f5li, SOJAkaste (SOJAoad, NISUjahu, sool, suhkur, s\u00e4iltusaine: kaaliumsorbaat (E202)), magus t\u0161illikaste(Vesi, suhkur, chilipipar 5 %, k\u0171\u0171slauk, paprika, \u00e4\u00e4dikas, sool, maisit\u00e4rklis, stabilisaator (E415), happesuse regulaatorid (E330), s\u00e4ilitusained (E202)), ingver, k\u00fc\u00fcslauk, SEESAMISEEMNED, v\u00fcrtsk\u00f6\u00f6mned, must pipar<\/p>\n<p>Toitev\u00e4\u00e4rtus: 100g: Energia 1994,5 kJ\/ 476,7 kcal \u2022 Rasvad 15,3 g; millest k\u00fcllastunud 1,8 g \u2022 S\u00fcsivesikud 61 g ; millest suhkruid 11 g \u2022 Valgud 22,3 g \u2022 Sool 1,8 g<\/p>\n<p><strong>Seljanka 90g*2tk<\/strong><\/p>\n<p>Koostisosad: kartul, kanakoib, sibul, hapukurk, sealiha, tomatipasta, porgand, viinerid (sealiha 43%, joogivesi, veiseliha 16%, seapekk, seakamar, kartulit\u00e4rklis, sool, SOJAvalk, L\u00d5SSIpulber, suhkur, dekstroos, stabili: di-, tri-ja pol\u00fcfosfaat, v\u00fcrtside ekstraktid, maitseained, taimne kiud, isoaskorbiinhape, s\u00e4ilitusaine: naatriumnitrit), sea neerud, poolsuitsuvorst (kanalihamass, sealiha (8%), seapekk, vesi, kamar, kartulit\u00e4rklis, sool, SOJAVALK, gl\u00fckoos, v\u00fcrtsid, l\u00f5hnaja maitseained, k\u00fc\u00fcslauk, stabilisaator (difosfaat), antioks\u00fcdant (askorbiinhape (L-)), l\u00f5hna- ja maitsetugevdaja (naatriumvesinikglutamaat), hemoglobiin, s\u00e4litusaine (naatriumnitrit)), rapsi\u00f5li, suhkur, k\u00fc\u00fcslauk, sool, must pipar<\/p>\n<p>Toitev\u00e4\u00e4rtus: 100g: Energia 2652,2 kJ\/ 634,2 kcal \u2022 Rasvad 34,9 g; millest k\u00fcllastunud rasvhapped 9,6 g \u2022 S\u00fcsivesikud 30,1 g ; millest suhkruid 17,4 g \u2022 Valgud 35,2 g \u2022 Sool 2,5 g<\/p>\n<p><strong>Pilaff sealihaga 110g*3tk<\/strong><\/p>\n<p>Koostisosad: riis 26%, sealiha 18%, paprika, sibul, porgand, rapsi\u00f5li, k\u00fc\u00fcsluk, kurkum, korinder, sool, must pipar, tsilli<\/p>\n<p>Toitev\u00e4\u00e4rtus: 100g: Energia 2033 kJ \/ 486 kcal \u2022 Rasvad 17 g; millest k\u00fcllastunud rasvhapped 3 g \u2022 S\u00fcsivesikud 67 g ; millest suhkruid 5,25 g \u2022 Valgud 17,9 g \u2022 Sool 1,57 g<\/p>\n<p><strong>Veiselihahautis 90g*2tk<\/strong><\/p>\n<p>Koostisosad: veiseliha 24%, kartul 7%, porgand, hernes, tomatipasta, sibul, \u0161ampinjonid, rapsi\u00f5li, petersell, k\u00fc\u00fcslauk, sool, rosmariin, t\u00fc\u00fcmian, must pipar<\/p>\n<p>Toitev\u00e4\u00e4rtus: 100g: Energia 2025 kJ\/ 484 kcal \u2022 Rasvad 20 g; millest k\u00fcllastunud rasvhapped 4,2 g \u2022 S\u00fcsivesikud 37,8 g ; millest suhkruid 22,6 g \u2022 Valgud 26,7 g \u2022 Sool 2,3 g<\/p>\n<p>&nbsp;<\/p>\n<p>&nbsp;<\/p>\n<p>&nbsp;<\/p>","protected":false},"excerpt":{"rendered":"<p>You only need to add water to the food<br \/>\nConvenient camping food, ready-made food package for crisis situations.<\/p>\n<p>The price includes VAT<br \/>\n<strong>All MEKI products are in resealable packages.<\/strong><br \/>\n<strong>Igas pakendis asub hapnikuimur, mis tuleb eemaldada enne vee peale valamist.<\/strong><br \/>\n<strong>Packages must be sealed airtight after use.<\/strong><\/p>","protected":false},"featured_media":14805,"comment_status":"closed","ping_status":"closed","template":"","meta":[],"product_brand":[],"product_cat":[173,121,25,120,26],"product_tag":[],"class_list":{"0":"post-14809","1":"product","2":"type-product","3":"status-publish","4":"has-post-thumbnail","6":"product_cat-kiired-eined","7":"product_cat-hommikusook","8":"product_cat-linnuliha","9":"product_cat-loomaliha","10":"product_cat-valmistoidud","12":"first","13":"instock","14":"taxable","15":"shipping-taxable","16":"purchasable","17":"product-type-simple"},"_links":{"self":[{"href":"https:\/\/meki.ee\/en\/wp-json\/wp\/v2\/product\/14809","targetHints":{"allow":["GET"]}}],"collection":[{"href":"https:\/\/meki.ee\/en\/wp-json\/wp\/v2\/product"}],"about":[{"href":"https:\/\/meki.ee\/en\/wp-json\/wp\/v2\/types\/product"}],"replies":[{"embeddable":true,"href":"https:\/\/meki.ee\/en\/wp-json\/wp\/v2\/comments?post=14809"}],"wp:featuredmedia":[{"embeddable":true,"href":"https:\/\/meki.ee\/en\/wp-json\/wp\/v2\/media\/14805"}],"wp:attachment":[{"href":"https:\/\/meki.ee\/en\/wp-json\/wp\/v2\/media?parent=14809"}],"wp:term":[{"taxonomy":"product_brand","embeddable":true,"href":"https:\/\/meki.ee\/en\/wp-json\/wp\/v2\/product_brand?post=14809"},{"taxonomy":"product_cat","embeddable":true,"href":"https:\/\/meki.ee\/en\/wp-json\/wp\/v2\/product_cat?post=14809"},{"taxonomy":"product_tag","embeddable":true,"href":"https:\/\/meki.ee\/en\/wp-json\/wp\/v2\/product_tag?post=14809"}],"curies":[{"name":"wp","href":"https:\/\/api.w.org\/{rel}","templated":true}]}}