{"id":14795,"date":"2022-06-03T08:50:41","date_gmt":"2022-06-03T05:50:41","guid":{"rendered":"https:\/\/meki.ee\/?post_type=product&#038;p=14795"},"modified":"2025-09-15T07:26:39","modified_gmt":"2025-09-15T04:26:39","slug":"meki-kulmkuivatatud-taimne-matka-ja-7-paeva-kriisitoidukomplekt-taimne-209kg","status":"publish","type":"product","link":"https:\/\/meki.ee\/en\/product\/meki-kulmkuivatatud-taimne-matka-ja-7-paeva-kriisitoidukomplekt-taimne-209kg\/","title":{"rendered":"Meki k\u00fclmkuivatatud taimne matka- ja 7 p\u00e4eva kriisitoidukomplekt (taimne) 2,09kg Toidupakk"},"content":{"rendered":"<p>Ingredients and properties<\/p>\n<p>Meki k\u00fclmkuivatatud eined on tervislikud kodused toidud, mis vajavad valmistamiseks vaid vett. K\u00fclmkuivatamise tehnoloogia abil suudame me s\u00e4ilitada toidu toitainetev\u00e4\u00e4rtuse, l\u00f5hna ja maitse.<\/p>\n<p>10448.6 kcal; 270.14g protein<\/p>\n<p>The set includes 21 servings<\/p>\n<ul>\n<li>Mango curry with vegetables 100g*3pcs<\/li>\n<li>Oatmeal porridge with coconut milk and apple 110g*2pcs<\/li>\n<li>Pasta Primavera 100g*2pcs (sisaldab PIIMA tooteid)<\/li>\n<li>Lentil curry 100g*2pcs<\/li>\n<li>Buckwheat with mushrooms 100g*2pcs<\/li>\n<li>Rice with vegetables Nasi Goreng 100g*3pcs<\/li>\n<li>Tomato lentil soup 100g*3pcs<\/li>\n<li>Pea puree soup with mint 70g*2pcs<\/li>\n<li>Pumpkin puree soup with coconut milk 90g*2<\/li>\n<li>Accessories: matches 1 set, lighters 2 sets*10 pcs, stainless mug 350ml, portable heater<\/li>\n<\/ul>\n<p>&nbsp;<\/p>\n<p>&nbsp;<\/p>\n<p>&nbsp;<\/p>","protected":false},"excerpt":{"rendered":"<p>You only need to add water to the food<br \/>\nConvenient camping food, ready-made food package for crisis situations.<\/p>\n<p>The price includes VAT<br \/>\n<strong>All MEKI products are in resealable packages.<\/strong><br \/>\n<strong>Packages must be sealed airtight after use.<\/strong><\/p>","protected":false},"featured_media":14797,"comment_status":"closed","ping_status":"closed","template":"","meta":[],"product_brand":[],"product_cat":[173,121,118,119,26],"product_tag":[],"class_list":{"0":"post-14795","1":"product","2":"type-product","3":"status-publish","4":"has-post-thumbnail","6":"product_cat-kiired-eined","7":"product_cat-hommikusook","8":"product_cat-supid","9":"product_cat-taimetoit","10":"product_cat-valmistoidud","12":"first","13":"instock","14":"taxable","15":"shipping-taxable","16":"purchasable","17":"product-type-simple"},"_links":{"self":[{"href":"https:\/\/meki.ee\/en\/wp-json\/wp\/v2\/product\/14795","targetHints":{"allow":["GET"]}}],"collection":[{"href":"https:\/\/meki.ee\/en\/wp-json\/wp\/v2\/product"}],"about":[{"href":"https:\/\/meki.ee\/en\/wp-json\/wp\/v2\/types\/product"}],"replies":[{"embeddable":true,"href":"https:\/\/meki.ee\/en\/wp-json\/wp\/v2\/comments?post=14795"}],"wp:featuredmedia":[{"embeddable":true,"href":"https:\/\/meki.ee\/en\/wp-json\/wp\/v2\/media\/14797"}],"wp:attachment":[{"href":"https:\/\/meki.ee\/en\/wp-json\/wp\/v2\/media?parent=14795"}],"wp:term":[{"taxonomy":"product_brand","embeddable":true,"href":"https:\/\/meki.ee\/en\/wp-json\/wp\/v2\/product_brand?post=14795"},{"taxonomy":"product_cat","embeddable":true,"href":"https:\/\/meki.ee\/en\/wp-json\/wp\/v2\/product_cat?post=14795"},{"taxonomy":"product_tag","embeddable":true,"href":"https:\/\/meki.ee\/en\/wp-json\/wp\/v2\/product_tag?post=14795"}],"curies":[{"name":"wp","href":"https:\/\/api.w.org\/{rel}","templated":true}]}}