{"id":11834,"date":"2021-03-03T16:29:53","date_gmt":"2021-03-03T14:29:53","guid":{"rendered":"https:\/\/veebihai.ee\/meki.ee\/?post_type=product&#038;p=11834"},"modified":"2025-04-16T13:45:11","modified_gmt":"2025-04-16T10:45:11","slug":"kaerahelbepuder-ountega-110g-valmistoit","status":"publish","type":"product","link":"https:\/\/meki.ee\/en\/product\/kaerahelbepuder-ountega-110g-valmistoit\/","title":{"rendered":"Oatmeal porridge with apples 110g Breakfast Ready meal"},"content":{"rendered":"<p>Ingredients and properties<\/p>\n<p>Meki k\u00fclmkuivatatud eined on tervislikud kodused toidud, mis vajavad valmistamiseks vaid vett. Meie toidus on kasutatud vaid koduseid toorained ning see on s\u00e4ilitusainevaba.<\/p>\n<p>Ingredients:<br \/>\nPIIM, KAER, suhkur, V\u00d5I(v\u00e4rske PIIM, R\u00d5\u00d5SK KOOR), sool, \u00f5un, kaneel<br \/>\nPreparation time: 8 min.<\/p>\n<p>&nbsp;<\/p>\n<table>\n<thead>\n<tr>\n<td><strong>Average nutritional value<\/strong><\/td>\n<td><strong>100g<\/strong><\/td>\n<\/tr>\n<\/thead>\n<tbody>\n<tr>\n<td>Energy<\/td>\n<td>1891kJ\/452 kcal<\/td>\n<\/tr>\n<tr>\n<td>Fats<\/td>\n<td>13g<\/td>\n<\/tr>\n<tr>\n<td>including saturated fatty acids<\/td>\n<td>6,78g<\/td>\n<\/tr>\n<tr>\n<td>Carbohydrates<\/td>\n<td>81g<\/td>\n<\/tr>\n<tr>\n<td>including sugars<\/td>\n<td>52g<\/td>\n<\/tr>\n<tr>\n<td>Lightning<\/td>\n<td>18g<\/td>\n<\/tr>\n<tr>\n<td>Sool<\/td>\n<td>2,28g<\/td>\n<\/tr>\n<\/tbody>\n<\/table>\n<p>&nbsp;<\/p>","protected":false},"excerpt":{"rendered":"<p>The price includes VAT<br \/>\n<strong>All MEKI products are in resealable packages.<\/strong><br \/>\n<strong>Packages must be sealed airtight after use.<\/strong><\/p>","protected":false},"featured_media":12762,"comment_status":"closed","ping_status":"closed","template":"","meta":[],"product_brand":[],"product_cat":[173,121],"product_tag":[],"class_list":{"0":"post-11834","1":"product","2":"type-product","3":"status-publish","4":"has-post-thumbnail","6":"product_cat-kiired-eined","7":"product_cat-hommikusook","9":"first","10":"instock","11":"taxable","12":"shipping-taxable","13":"purchasable","14":"product-type-simple"},"_links":{"self":[{"href":"https:\/\/meki.ee\/en\/wp-json\/wp\/v2\/product\/11834","targetHints":{"allow":["GET"]}}],"collection":[{"href":"https:\/\/meki.ee\/en\/wp-json\/wp\/v2\/product"}],"about":[{"href":"https:\/\/meki.ee\/en\/wp-json\/wp\/v2\/types\/product"}],"replies":[{"embeddable":true,"href":"https:\/\/meki.ee\/en\/wp-json\/wp\/v2\/comments?post=11834"}],"wp:featuredmedia":[{"embeddable":true,"href":"https:\/\/meki.ee\/en\/wp-json\/wp\/v2\/media\/12762"}],"wp:attachment":[{"href":"https:\/\/meki.ee\/en\/wp-json\/wp\/v2\/media?parent=11834"}],"wp:term":[{"taxonomy":"product_brand","embeddable":true,"href":"https:\/\/meki.ee\/en\/wp-json\/wp\/v2\/product_brand?post=11834"},{"taxonomy":"product_cat","embeddable":true,"href":"https:\/\/meki.ee\/en\/wp-json\/wp\/v2\/product_cat?post=11834"},{"taxonomy":"product_tag","embeddable":true,"href":"https:\/\/meki.ee\/en\/wp-json\/wp\/v2\/product_tag?post=11834"}],"curies":[{"name":"wp","href":"https:\/\/api.w.org\/{rel}","templated":true}]}}